{"id":13,"date":"2019-12-01T22:14:17","date_gmt":"2019-12-01T21:14:17","guid":{"rendered":"https:\/\/veilleursduclimat.000webhostapp.com\/?page_id=2"},"modified":"2024-11-10T18:22:50","modified_gmt":"2024-11-10T17:22:50","slug":"glacier-baounet","status":"publish","type":"page","link":"https:\/\/veilleursduclimat.ovh\/index.php\/glacier-baounet\/","title":{"rendered":"Le glacier du Baounet"},"content":{"rendered":"\n<div class=\"wp-block-image\"><figure class=\"aligncenter size-large is-resized\"><img loading=\"lazy\" decoding=\"async\" src=\"https:\/\/veilleursduclimat.ovh\/wp-content\/uploads\/2021\/08\/IMG_20210806_150616_904-1-1024x768.jpg\" alt=\"\" class=\"wp-image-288\" width=\"579\" height=\"434\" srcset=\"https:\/\/veilleursduclimat.ovh\/wp-content\/uploads\/2021\/08\/IMG_20210806_150616_904-1-1024x768.jpg 1024w, https:\/\/veilleursduclimat.ovh\/wp-content\/uploads\/2021\/08\/IMG_20210806_150616_904-1-300x225.jpg 300w, https:\/\/veilleursduclimat.ovh\/wp-content\/uploads\/2021\/08\/IMG_20210806_150616_904-1-768x576.jpg 768w, https:\/\/veilleursduclimat.ovh\/wp-content\/uploads\/2021\/08\/IMG_20210806_150616_904-1-1536x1152.jpg 1536w, https:\/\/veilleursduclimat.ovh\/wp-content\/uploads\/2021\/08\/IMG_20210806_150616_904-1-200x150.jpg 200w, https:\/\/veilleursduclimat.ovh\/wp-content\/uploads\/2021\/08\/IMG_20210806_150616_904-1.jpg 1600w\" sizes=\"auto, (max-width: 579px) 100vw, 579px\" \/><figcaption><em>Le glacier du Baounet le 6 ao\u00fbt 2021<\/em><\/figcaption><\/figure><\/div>\n\n\n\n<p>Le glacier du Baounet est situ\u00e9 en Haute Maurienne (Savoie), au fond de la vall\u00e9e d&#8217;Av\u00e9role. C&#8217;est un glacier blanc, c&#8217;est \u00e0 dire d\u00e9pourvu de d\u00e9bris rocheux \u00e0 sa surface, qui s&#8217;\u00e9tend de 2850m \u00e0 3250m d&#8217;altitude, dans un vallon orient\u00e9 vers le nord-ouest. Il est relativement peu crevass\u00e9 et donne naissance \u00e0 un \u00e9missaire unique qui devient le torrent de la Valettaz apr\u00e8s avoir travers\u00e9 une marge progalciaire active compos\u00e9e de plusieurs petits lacs. <\/p>\n\n\n\n<figure class=\"wp-block-image size-large\"><img loading=\"lazy\" decoding=\"async\" width=\"1003\" height=\"1024\" src=\"https:\/\/veilleursduclimat.ovh\/wp-content\/uploads\/2020\/12\/carte-localisation-baounet-1003x1024.jpg\" alt=\"Carte de localisation du glacier du Baounet\" class=\"wp-image-127\" srcset=\"https:\/\/veilleursduclimat.ovh\/wp-content\/uploads\/2020\/12\/carte-localisation-baounet-1003x1024.jpg 1003w, https:\/\/veilleursduclimat.ovh\/wp-content\/uploads\/2020\/12\/carte-localisation-baounet-294x300.jpg 294w, https:\/\/veilleursduclimat.ovh\/wp-content\/uploads\/2020\/12\/carte-localisation-baounet-768x784.jpg 768w, https:\/\/veilleursduclimat.ovh\/wp-content\/uploads\/2020\/12\/carte-localisation-baounet-1504x1536.jpg 1504w, https:\/\/veilleursduclimat.ovh\/wp-content\/uploads\/2020\/12\/carte-localisation-baounet-2005x2048.jpg 2005w, https:\/\/veilleursduclimat.ovh\/wp-content\/uploads\/2020\/12\/carte-localisation-baounet-196x200.jpg 196w\" sizes=\"auto, (max-width: 1003px) 100vw, 1003px\" \/><figcaption>Localisation du glacier du Baounet<\/figcaption><\/figure>\n\n\n\n<p>Le front du glacier est accessible \u00e0 pied avec une randonn\u00e9e d&#8217;environ 3,5h \u00e0 4h et 1200m de d\u00e9nivel\u00e9 depuis le terminus de la navette dans le hameau d&#8217;Av\u00e9role.  <\/p>\n\n\n\n<p>Il est suivi depuis 2002 dans ce but : comprendre comment se forment les variations glaciaires annuelles et leurs liens avec les conditions m\u00e9t\u00e9orologiques. <\/p>\n\n\n\n<p>Le glacier du Baounet est suivi principalement par deux m\u00e9thodes : <\/p>\n\n\n\n<ul class=\"wp-block-list\"><li>depuis 2002, une station de mesure automatique enregistre les variations m\u00e9t\u00e9orologiques et les caract\u00e9ristiques du torrent \u00e9missaire (torrent prenant sa source au front du glacier). <\/li><li>depuis 2017, des mesures topographiques par photogramm\u00e9trie sont men\u00e9es une fois par an \u00e0 l&#8217;automne. <\/li><\/ul>\n\n\n\n<div class=\"wp-block-media-text alignwide is-stacked-on-mobile\"><figure class=\"wp-block-media-text__media\"><img loading=\"lazy\" decoding=\"async\" width=\"493\" height=\"282\" src=\"https:\/\/veilleursduclimat.ovh\/wp-content\/uploads\/2024\/11\/vignette-sketchfab-front-baounet-2021.jpg\" alt=\"\" class=\"wp-image-404 size-full\" srcset=\"https:\/\/veilleursduclimat.ovh\/wp-content\/uploads\/2024\/11\/vignette-sketchfab-front-baounet-2021.jpg 493w, https:\/\/veilleursduclimat.ovh\/wp-content\/uploads\/2024\/11\/vignette-sketchfab-front-baounet-2021-300x172.jpg 300w, https:\/\/veilleursduclimat.ovh\/wp-content\/uploads\/2024\/11\/vignette-sketchfab-front-baounet-2021-200x114.jpg 200w\" sizes=\"auto, (max-width: 493px) 100vw, 493px\" \/><\/figure><div class=\"wp-block-media-text__content\">\n<p class=\"has-large-font-size\"> Test de partage d&#8217;une <a rel=\"noreferrer noopener\" href=\"https:\/\/skfb.ly\/o79As\" target=\"_blank\">vue 3D<\/a> du glacier en septembre 2021 <\/p>\n<\/div><\/div>\n\n\n\n<p>Le glacier a subit un recul important depuis 150ans, \u00e0 la fin du Petit \u00c2ge Glaciaire. Il a perdu environ les 2\/3 de son volume et la moiti\u00e9 de sa surface. Ce recul s&#8217;est acc\u00e9l\u00e9r\u00e9 depuis les ann\u00e9es 2000 et s&#8217;acc\u00e9l\u00e8re \u00e0 nouveau depuis 2009-2010. 2019 et 2020 marquent probablement encore une acc\u00e9l\u00e9ration dans la fonte du glacier.  <\/p>\n\n\n\n<figure class=\"wp-block-image size-large\"><img loading=\"lazy\" decoding=\"async\" width=\"798\" height=\"508\" src=\"https:\/\/veilleursduclimat.ovh\/wp-content\/uploads\/2020\/12\/extensions-glaciers-arnes-arberon-baounet-1.png\" alt=\"Extensions des glaciers d'Arn\u00e8s, Arb\u00e9ron et Baounet depuis le Petit \u00c2ge Glaciaire\" class=\"wp-image-100\" srcset=\"https:\/\/veilleursduclimat.ovh\/wp-content\/uploads\/2020\/12\/extensions-glaciers-arnes-arberon-baounet-1.png 798w, https:\/\/veilleursduclimat.ovh\/wp-content\/uploads\/2020\/12\/extensions-glaciers-arnes-arberon-baounet-1-300x191.png 300w, https:\/\/veilleursduclimat.ovh\/wp-content\/uploads\/2020\/12\/extensions-glaciers-arnes-arberon-baounet-1-768x489.png 768w\" sizes=\"auto, (max-width: 798px) 100vw, 798px\" \/><figcaption>Extensions des glaciers d&#8217;Arn\u00e8s, Arb\u00e9ron et Baounet depuis le Petit \u00c2ge Glaciaire<\/figcaption><\/figure>\n\n\n\n<p>Depuis 2003, le glacier du Baounet s&#8217;est s\u00e9par\u00e9 de son affluent en rive droite, donnant naissance \u00e0 un nouveau petit glacier individuel (glacier de l&#8217;Autaret?)<\/p>\n","protected":false},"excerpt":{"rendered":"<p>Le glacier du Baounet est situ\u00e9 en Haute Maurienne (Savoie), au fond de la vall\u00e9e d&#8217;Av\u00e9role. C&#8217;est un glacier blanc, c&#8217;est \u00e0 dire d\u00e9pourvu de d\u00e9bris rocheux \u00e0 sa surface, qui s&#8217;\u00e9tend de 2850m \u00e0 3250m d&#8217;altitude, dans un vallon orient\u00e9 vers le nord-ouest. Il est relativement peu crevass\u00e9 et donne naissance \u00e0 un \u00e9missaire [&hellip;]<\/p>\n","protected":false},"author":2,"featured_media":0,"parent":0,"menu_order":0,"comment_status":"closed","ping_status":"closed","template":"","meta":{"footnotes":""},"class_list":["post-13","page","type-page","status-publish","hentry"],"_links":{"self":[{"href":"https:\/\/veilleursduclimat.ovh\/index.php\/wp-json\/wp\/v2\/pages\/13","targetHints":{"allow":["GET"]}}],"collection":[{"href":"https:\/\/veilleursduclimat.ovh\/index.php\/wp-json\/wp\/v2\/pages"}],"about":[{"href":"https:\/\/veilleursduclimat.ovh\/index.php\/wp-json\/wp\/v2\/types\/page"}],"author":[{"embeddable":true,"href":"https:\/\/veilleursduclimat.ovh\/index.php\/wp-json\/wp\/v2\/users\/2"}],"replies":[{"embeddable":true,"href":"https:\/\/veilleursduclimat.ovh\/index.php\/wp-json\/wp\/v2\/comments?post=13"}],"version-history":[{"count":9,"href":"https:\/\/veilleursduclimat.ovh\/index.php\/wp-json\/wp\/v2\/pages\/13\/revisions"}],"predecessor-version":[{"id":406,"href":"https:\/\/veilleursduclimat.ovh\/index.php\/wp-json\/wp\/v2\/pages\/13\/revisions\/406"}],"wp:attachment":[{"href":"https:\/\/veilleursduclimat.ovh\/index.php\/wp-json\/wp\/v2\/media?parent=13"}],"curies":[{"name":"wp","href":"https:\/\/api.w.org\/{rel}","templated":true}]}}