{"id":15,"date":"2019-12-01T22:26:37","date_gmt":"2019-12-01T21:26:37","guid":{"rendered":"https:\/\/veilleursduclimat.000webhostapp.com\/?page_id=11"},"modified":"2026-03-29T15:45:49","modified_gmt":"2026-03-29T13:45:49","slug":"publications","status":"publish","type":"page","link":"https:\/\/veilleursduclimat.ovh\/index.php\/publications\/","title":{"rendered":"Publications"},"content":{"rendered":"\n<p class=\"has-medium-font-size\"><strong>Quelques publications non exhaustives!<\/strong><\/p>\n\n\n\n<p><\/p>\n\n\n\n<p class=\"has-medium-font-size\"><strong>Observations sur les glaciers de Haute Maurienne en 2024 et 2025.<\/strong><\/p>\n\n\n\n<p>Sylvain Jobard, 2026.  88 pages.  Edition CoolLibri. ISBN 9791043535376.  <\/p>\n\n\n\n<p>Prix de vente public : 19\u20ac.  Pour commander, nous contacter \u00e0 cette adresse : contact[at]veilleursduclimat.ovh<\/p>\n\n\n\n<p>Feuilleter des extraits :<\/p>\n\n\n\n<div class=\"wp-block-pdf-viewer-block-standard\" style=\"text-align:left\"><div class=\"uploaded-pdf\"><a href=\"https:\/\/veilleursduclimat.ovh\/wp-content\/uploads\/2026\/03\/Observations-glaciers-haute-maurienne-2024-2025-extrait.pdf\" data-width=\"\" data-height=\"\"><\/a><\/div><\/div>\n\n\n\n<hr class=\"wp-block-separator has-alpha-channel-opacity\"\/>\n\n\n\n<p class=\"has-medium-font-size\"><strong>\u00c9volutions et suivi du glacier du Baounet<\/strong><\/p>\n\n\n\n<p>Sylvain Jobard, 2026. Revue Bessans Jadis et Aujourd&#8217;hui, N\u00b094 hiver 2025-2026. <a href=\"https:\/\/bja-bessans.fr\/publications\/#publi\">https:\/\/bja-bessans.fr\/publications\/#publi<\/a><\/p>\n\n\n\n<p>R\u00e9sum\u00e9 : <\/p>\n\n\n\n<p>Le glacier du Baounet est situ\u00e9 en Haute Maurienne, dans la vall\u00e9e d\u2019Av\u00e9role, \u00e0 la fronti\u00e8re italienne. \u00c0 partir de la reconstitution de son extension \u00e0 la fin du Petit&nbsp;\u00c2ge Glaciaire (PAG) avec la cartographie des moraines et les cartes anciennes, l\u2019\u00e9volution de la surface du glacier est retrac\u00e9e au cours du XX<sup>e<\/sup> si\u00e8cle jusqu&#8217;\u00e0 son \u00e9tat actuel. Cette \u00e9tude s&#8217;appuie sur diverses sources&nbsp;: cartes d&#8217;\u00e9tat-major anciennes, photographies a\u00e9riennes (d\u00e8s 1939), donn\u00e9es satellitaires (\u00e0 partir des ann\u00e9es 1980), relev\u00e9s LiDAR (2022) et suivis par drone (\u00e0 partir de 2016). L\u2019int\u00e9gration de l\u2019ensemble de ces donn\u00e9es dans un Syst\u00e8me d\u2019Information G\u00e9ographique (SIG) permet de mesurer les surfaces perdues et d\u2019estimer une disparition compl\u00e8te \u00e0 l\u2019horizon 2035.<\/p>\n\n\n\n<p>Les relev\u00e9s par drone permettent non seulement une cartographie glacio-morphologique d\u00e9taill\u00e9e, mais aussi le calcul des volumes de glace perdus au cours des derni\u00e8res ann\u00e9es. Pour suivre la fusion de la glace \u00e0 une \u00e9chelle journali\u00e8re, une station de mesure automatique collecte en continu des donn\u00e9es m\u00e9t\u00e9orologiques et hydrologiques depuis une vingtaine d\u2019ann\u00e9es. Les r\u00e9sultats obtenus soulignent la n\u00e9cessit\u00e9 de poursuivre les observations et de documenter la disparition des glaciers, ainsi que d&#8217;\u00e9tudier les impacts hydrologiques sur la t\u00eate du bassin versant du Haut Arc.<\/p>\n\n\n\n<p><strong><em>Mots-cl\u00e9s&nbsp;:<\/em><\/strong> extensions glaciaires, Petit&nbsp;\u00c2ge&nbsp;Glaciaire, photogramm\u00e9trie, t\u00e9l\u00e9d\u00e9tection, hydrologie glaciaire.<\/p>\n\n\n\n<hr class=\"wp-block-separator has-alpha-channel-opacity\"\/>\n\n\n\n<p class=\"has-medium-font-size\"><strong>Auscultation photogramm\u00e9trique sur le glacier du Baounet<\/strong> <strong>(Savoie, France). Premiers r\u00e9sultats et retours d\u2019exp\u00e9rience<\/strong>.<\/p>\n\n\n\n<p>Sylvain Jobard, Yoann Jobard, Pierre Carreaud, 2022. Rencontre annuelle de la Soci\u00e9t\u00e9 Hydrotechnique de France, section \u00ab Glaciologie, Nivologie, Hydrologie et Permafrost \u00bb, Grenoble, 03 f\u00e9vrier 2022.<\/p>\n\n\n\n<p><a href=\"https:\/\/veilleursduclimat.ovh\/wp-content\/uploads\/2025\/07\/Jobard-et-al-auscultation-photogrammetrie-baounet-SHF2022.pdf\">Lien pour t\u00e9l\u00e9charger le fichier<\/a><\/p>\n\n\n\n<div class=\"wp-block-pdf-viewer-block-standard\" style=\"text-align:left\"><div class=\"uploaded-pdf\"><a href=\"https:\/\/veilleursduclimat.ovh\/wp-content\/uploads\/2025\/07\/Jobard-et-al-auscultation-photogrammetrie-baounet-SHF2022.pdf\" data-width=\"\" data-height=\"\"><\/a><\/div><\/div>\n\n\n\n<p>R\u00e9sum\u00e9&nbsp;:<\/p>\n\n\n\n<p>Le glacier du Baounet, situ\u00e9 en Haute Maurienne (Savoie, France), est suivi par une station de mesure hydrom\u00e9t\u00e9orologique qui permet d\u2019estimer l\u2019ablation estivale journali\u00e8re depuis 2002. Dans le but de caler les r\u00e9sultats saisonniers, une quantification de la variation de volume annuelle a \u00e9t\u00e9 r\u00e9alis\u00e9e \u00e0 partir de relev\u00e9s photogramm\u00e9triques avec un drone grand public. Sept campagnes de relev\u00e9s ont \u00e9t\u00e9 men\u00e9es entre 2016 et 2021. Les relev\u00e9s r\u00e9alis\u00e9s entre septembre 2017 et septembre 2021 ont permis de calculer des variations de volume \u00e0 partir des mod\u00e8les num\u00e9riques de surface. Un bilan de masse moyen annuel de -1.87 m\u00e8tres \u00e9quivalents en eau a \u00e9t\u00e9 calcul\u00e9 entre les ann\u00e9es 2018 et 2021 \u00e0 partir de couvertures quasi compl\u00e8tes du glacier. Les traitements produisent \u00e9galement des orthophotographies utilis\u00e9es pour cartographier en d\u00e9tail les \u00e9volutions de la morphologie supraglaciaire et \u00e9tudier la dynamique du glacier. Ces donn\u00e9es de surface montrent notamment que les vitesses de surface sont devenues tr\u00e8s faibles. L\u2019objectif pour les prochaines ann\u00e9es est de corr\u00e9ler les variations de structuration du r\u00e9seau de drainage avec les indices morphologiques de surface et d\u2019affiner les mod\u00e9lisations journali\u00e8res de l\u2019ablation estivale.<\/p>\n\n\n\n<hr class=\"wp-block-separator has-alpha-channel-opacity\"\/>\n\n\n\n<p class=\"has-medium-font-size\"><strong>A hydrological approach to estimating daily glacier ablation<\/strong><\/p>\n\n\n\n<p>Sylvain Jobard, Marc Dzikowski. November 2015, Canadian Journal of Earth Sciences 53(1),<\/p>\n\n\n\n<p><a href=\"https:\/\/www.nrcresearchpress.com\/doi\/10.1139\/cjes-2015-0107\">DOI: 10.1139\/cjes-2015-0107<\/a><\/p>\n\n\n\n<p>Abstract:<br> Reduced meltwater discharge owing to glacier retreat can have severe    impacts on downstream water users. To assess these impacts, it is    essential to differentiate between water from glacier melt and other    sources. We propose a method for doing this on a daily time scale by    applying a mixing law to electrical conductivity and proglacial    discharge measurements. Daily ablation is then estimated by applying a    recession law to the glacier melt component. Testing this method on    summer hydrology and meteorology measurements from the Baounet Glacier    (France) taken over six consecutive years (2008\u20132013) allowed us to    reconstruct daily ablation during the ablation period. Mean ablation    rates ranged from 20 to 30 mm\u30fbday\u22121. Air temperature measurements showed    that periods of low ablation during the summer were linked to cooler    days and snowfall periods. Comparisons for three consecutive summers    showed that the ablation rates obtained by summing calculated daily    ablation were statistically similar to the rates recorded by ablation    stakes. \u00a9 2016, National Research Council of Canada. All right reserved.<br><\/p>\n\n\n\n<hr class=\"wp-block-separator has-css-opacity\"\/>\n\n\n\n<h3 class=\"wp-block-heading has-medium-font-size\"><strong>Mixing law versus discharge and electrical conductivity relationships: application to an alpine proglacial stream<\/strong><\/h3>\n\n\n\n<p>Marc Dzikowski, Sylvain Jobard,&nbsp; November 2011, Hydrol. Process. 26, 2724\u20132732 (2012),<\/p>\n\n\n\n<p>DOI: 10.1002\/hyp.8366<\/p>\n\n\n\n<p>Mixing laws have been used in hydrogeology for decades. In glacial    hydrology, they are used to determine the contributions of the different    reservoirs supplying the proglacial stream. However, some assumptions    about discharge\u2013solute matter and discharge\u2013electrical conductivity   (EC)  relationships have led to erroneous conclusions. Analysis of a    theoretical example indicated a hyperbolic relationship between    discharge and solute matter concentration\/EC for two reservoirs. We    applied this approach to experimental data from the Baounet Glacier    (Savoie, France), assuming that the proglacial stream is provided by a    combination of watershed groundwater flow (diurnally stable and with    high EC) and quick drainage from the glacier (low EC and discharge that    change very quickly). Applying mixing laws allowed us to characterise    these two flows and to separate the quick flows (glacial ablation and    rainfalls). Copyright \u00a9 2011 John Wiley &amp; Sons, Ltd.<\/p>\n\n\n\n<hr class=\"wp-block-separator has-css-opacity\"\/>\n\n\n\n<h3 class=\"wp-block-heading\">Le milieu paraglaciaire et l&#8217;acc\u00e9l\u00e9ration de la d\u00e9crue des glaciers \n du  Haut Arc (Savoie) au cours des derni\u00e8res d\u00e9cennies, (Paraglacial   \nformations and recent glacial recession in the Haut Arc, Savoy, France)<\/h3>\n\n\n\n<p>Sylvain Jobard,&nbsp; 2008, Bulletin de l&#8217;Association de g\u00e9ographes fran\u00e7ais 85(2):161-170,<\/p>\n\n\n\n<p>DOI: <a href=\"https:\/\/www.researchgate.net\/deref\/http%3A%2F%2Fdx.doi.org%2F10.3406%2Fbagf.2008.2609?_sg%5B0%5D=Cqj1Q665Xg5NI2wk1N-AuekQGzsfhawo3rdHSK8cmGa53nYavASoVpUZyXfkfaREl3ZDT6bTsjo8JWOjm-d3mfofTg.JBqhrtiToe4lATR6TfgsxQjs8mIGFOyDn_pqAd0AwL3piXtBzDZLgBj1h8_krwDrdJjVxM34pH4gkZ2Q-VeWNQ&amp;_sg%5B1%5D=y28BLQEyxCGhqfWJaSJyeY7SXC94WVYc1Sy6ouezPU5vN0FFvH7LK881LefzbeuoK1UxRbni9GID.1kWTIJk-CJV-7jiHSfy6D4JLfyjxaEsvXR_aJaoc6BXQ72McDfPj6WhX5QR_qGHS-9H_Aozgb5a_didhTNtEDQ\">10.3406\/bagf.2008.2609<\/a><br><\/p>\n\n\n\n<p>Abstract:<\/p>\n\n\n\n<p> For the last 150 years, the Haut Arc glaciers   (Savoie, France)  follow a quite constant generalized retreat. This   glaciological  situation releases a wide area recently deglaciated,   scene particularly  favourable to paraglacial system. This article   exposes summarily the  glaciological and geomorphological context, and   details the main  processes reported from this area. The results so   obtained show a  continuity of processes already active since the end of   the Little Ice  Age, but also the appearance of new phenomena bound to   the speed up of  the glacio-fluvial processes and the modification of   glaciers&#8217;  forelands.<\/p>\n\n\n\n<p><a href=\"https:\/\/www.persee.fr\/doc\/bagf_0004-5322_2008_num_85_2_2609\">https:\/\/www.persee.fr\/doc\/bagf_0004-5322_2008_num_85_2_2609<\/a><\/p>\n\n\n\n<hr class=\"wp-block-separator has-css-opacity\"\/>\n\n\n\n<h3 class=\"wp-block-heading\">Les r\u00e9seaux de drainage glaciaires et les milieux karstiques : Analogies morphologiques et mod\u00e9lisation hydrologique<\/h3>\n\n\n\n<p>Sylvain Jobard, Marc Dzikowski, 2008, KARSTOLOGIA 51(1),<\/p>\n\n\n\n<p>DOI: 10.3406\/karst.2008.2622<\/p>\n\n\n\n<h3 class=\"wp-block-heading\">Evolution of glacial flow and drainage during the ablation season<\/h3>\n\n\n\n<p>Sylvain Jobard, Marc Dzikowski. November 2006, Journal of Hydrology 330(3):663-671, DOI: 10.1016\/j.jhydrol.2006.04.031 Abstract : Proglacial  discharge is controlled by the geometry of the   glacial drainage network  and by meltwater processes. The glacial   drainage systems of some alpine  glaciers have been characterised using a   model based on a proglacial  discharge analysis. In this paper, we   apply high frequency systemic  analysis to data collected from the   Baounet Glacier (French Alps) during  two successive ablation seasons.   Our approach is based on an analysis  of the evolution of daily   recession curves during the ablation period.  The observed data are   fitted by a single -coefficient dependant  recession law. Changes in are   compared to variations in the daily  discharge amplitude and the time   lag between air temperature and  proglacial discharge. The changes in   the values do not appear to be  related to changes in the time lag and   the amplitude of the daily  discharge. There were significant variations   in the -coefficient during  the two ablation periods studied here even   if there was no time lag or  the daily discharge amplitude change.  High  values of correspond to high  drainage velocities; therefore  increases  in values can be used as an  indicator of the evolution of  the glacier&#8217;s  internal drainage network. <\/p>\n\n\n\n<hr class=\"wp-block-separator has-css-opacity\"\/>\n\n\n\n<h3 class=\"wp-block-heading\"><strong>Les glaciers du Haut Arc (Savoie, France) de 1850 \u00e0 nos jours: Caract\u00e9risation et impacts de la d\u00e9crue post-Petit \u00c2ge Glaciaire<\/strong><\/h3>\n\n\n\n<p> Sylvain Jobard, Th\u00e8se de doctorat, ISBN-10: 6131502285,   ISBN-13: 978-6131502286, soutenue le 2 d\u00e9cembre 2005 \u00e0 l&#8217;Universit\u00e9 de   Savoie (Bourget Du Lac).  <\/p>\n\n\n\n<p>Editions Universitaires Europ\u00e9ennes, pp.276, 2010 <\/p>\n\n\n\n<p><br> R\u00e9sum\u00e9:  La d\u00e9crue post-Petit Age Glaciaire en Haute  Maurienne   est abord\u00e9e dans cette \u00e9tude par trois angles de vision    compl\u00e9mentaires. Les \u00e9volutions de l&#8217;englacement du bassin versant du    Haut Arc pendant la d\u00e9crue glaciaire post Petit Age Glaciaire sont    reconstitu\u00e9es sur un \u00e9chantillon d&#8217;une trentaine de glaciers \u00e0 l&#8217;aide de    diff\u00e9rentes sources documentaires (archives, t\u00e9moins   g\u00e9omorphologiques,  clich\u00e9s a\u00e9riens et sc\u00e8nes satellitales). Les   r\u00e9sultats sont exprim\u00e9s  sous la forme d&#8217;une s\u00e9rie de cartes d&#8217;extension   des glaciers et de  diagrammes des surfaces relatives sur la p\u00e9riode   d&#8217;\u00e9tude (1850-2000).  Ces donn\u00e9es aboutissent \u00e0 une typologie des modes   de d\u00e9crue, r\u00e9v\u00e8lant un  couplage efficace entre les for\u00e7ages  climatiques  et ces glaciers  alpins. La d\u00e9cennie 1990-2000 est marqu\u00e9e  par une  acc\u00e9l\u00e9ration synchrone  de la d\u00e9crue sur l&#8217;ensemble des  glaciers.   Dans un deuxi\u00e8me temps,  les impacts de la d\u00e9crue sur   l&#8217;hydrosyst\u00e8me proglaciaire sont \u00e9tudi\u00e9s \u00e0  travers les enregistrements   pluri d\u00e9cennaux des d\u00e9bits journaliers d&#8217;un  torrent glaciaire   (l&#8217;Av\u00e9role). Les analyses montrent une modification  majeure du r\u00e9gime   du torrent proglaciaire au cours de la derni\u00e8re  d\u00e9cennie. Cette   \u00e9volution est interpr\u00e9t\u00e9e comme une intensification du  for\u00e7age   climatique actuel. L&#8217;analyse \u00e0 un pas de temps tr\u00e8s fin d&#8217;un  glacier   instrument\u00e9 de 2002 \u00e0 2005 aboutit \u00e0 un outil de suivi quotidien  des   caract\u00e9ristiques du r\u00e9seau de drainage glaciaire. Il s&#8217;av\u00e8re que    l&#8217;efficacit\u00e9 du r\u00e9seau de drainage augmente fortement au cours de la    saison d&#8217;ablation, principalement par un accroissement de la    perm\u00e9abilit\u00e9 du glacier. L&#8217;analyse des hydrogrammes de crue nous    renseigne sur l&#8217;intensit\u00e9 des processus d&#8217;ablation \u00e0 un pas journalier    reliant les ph\u00e9nom\u00e8nes de surface \u00e0 la structure du r\u00e9seau de drainage    glaciaire.<br> Les impacts de la d\u00e9crue sur le milieu glaciaire montrent  une   modification significative de l&#8217;environnement des glaciers au cours  des   150 derni\u00e8res ann\u00e9es. La gen\u00e8se des al\u00e9as d&#8217;origine glaciaire se    transforme avec cette \u00e9volution du milieu, avec des att\u00e9nuations ou au  contraire l&#8217;apparition de nouveaux ph\u00e9nom\u00e8nes. L&#8217;intensification de la d\u00e9crue au cours de la derni\u00e8re d\u00e9cennie induit la formation d&#8217;al\u00e9as pr\u00e9occupants.  <\/p>\n\n\n\n<p><br><a href=\"https:\/\/veilleursduclimat.ovh\/wp-content\/uploads\/2024\/09\/these_jobard.pdf\">Lien pour t\u00e9l\u00e9charger le fichier<\/a><\/p>\n\n\n\n<div class=\"wp-block-pdf-viewer-block-standard\" style=\"text-align:left\"><div class=\"uploaded-pdf\"><a href=\"https:\/\/veilleursduclimat.ovh\/wp-content\/uploads\/2024\/09\/these_jobard.pdf\" data-width=\"\" data-height=\"\"><\/a><\/div><\/div>\n\n\n\n<hr class=\"wp-block-separator has-css-opacity\"\/>\n\n\n\n<h3 class=\"wp-block-heading\">Il ghiacciaio del Baounet (Savoia, F) dalla fine della   Piccola Et\u00e0\n Glaciale (1850) a oggi &#8211; Les \u00e9volutions du glacier du  Baounet  de 1850\n aux ann\u00e9es 2000<\/h3>\n\n\n\n<p>Sylvain Jobard. <em>Nimbus<\/em>, 2006, 39\/40, pp.7.<\/p>\n\n\n\n<p>Abstract :<\/p>\n\n\n\n<p class=\"has-normal-font-size\">Fluctuations of the Baounet glacier are studied by some stage of   spatial extension since the last maximum of the Little Ice Age (1850).   LIA is reconstructed by the g\u00e9omorphological formations linked to the   historical maps and texts. Since 1850 the glacier has lost about 45% of   its original extension. Actual dynamic of the glacial system is studied   by a monitoring station for the environmental parameters  (meteorological  data, water flow in the glacial stream), and the annual  mass balance,  carried out with hydrological and topographycal methods.<\/p>\n","protected":false},"excerpt":{"rendered":"<p>Quelques publications non exhaustives! Observations sur les glaciers de Haute Maurienne en 2024 et 2025. Sylvain Jobard, 2026. 88 pages. Edition CoolLibri. ISBN 9791043535376. Prix de vente public : 19\u20ac. Pour commander, nous contacter \u00e0 cette adresse : contact[at]veilleursduclimat.ovh Feuilleter des extraits : \u00c9volutions et suivi du glacier du Baounet Sylvain Jobard, 2026. Revue Bessans [&hellip;]<\/p>\n","protected":false},"author":2,"featured_media":0,"parent":0,"menu_order":0,"comment_status":"closed","ping_status":"closed","template":"","meta":{"footnotes":""},"class_list":["post-15","page","type-page","status-publish","hentry"],"_links":{"self":[{"href":"https:\/\/veilleursduclimat.ovh\/index.php\/wp-json\/wp\/v2\/pages\/15","targetHints":{"allow":["GET"]}}],"collection":[{"href":"https:\/\/veilleursduclimat.ovh\/index.php\/wp-json\/wp\/v2\/pages"}],"about":[{"href":"https:\/\/veilleursduclimat.ovh\/index.php\/wp-json\/wp\/v2\/types\/page"}],"author":[{"embeddable":true,"href":"https:\/\/veilleursduclimat.ovh\/index.php\/wp-json\/wp\/v2\/users\/2"}],"replies":[{"embeddable":true,"href":"https:\/\/veilleursduclimat.ovh\/index.php\/wp-json\/wp\/v2\/comments?post=15"}],"version-history":[{"count":13,"href":"https:\/\/veilleursduclimat.ovh\/index.php\/wp-json\/wp\/v2\/pages\/15\/revisions"}],"predecessor-version":[{"id":469,"href":"https:\/\/veilleursduclimat.ovh\/index.php\/wp-json\/wp\/v2\/pages\/15\/revisions\/469"}],"wp:attachment":[{"href":"https:\/\/veilleursduclimat.ovh\/index.php\/wp-json\/wp\/v2\/media?parent=15"}],"curies":[{"name":"wp","href":"https:\/\/api.w.org\/{rel}","templated":true}]}}