{"id":155,"date":"2021-01-02T20:26:29","date_gmt":"2021-01-02T19:26:29","guid":{"rendered":"https:\/\/veilleursduclimat.ovh\/?page_id=155"},"modified":"2021-01-02T20:35:52","modified_gmt":"2021-01-02T19:35:52","slug":"evolution-reseau-drainage","status":"publish","type":"page","link":"https:\/\/veilleursduclimat.ovh\/index.php\/resultats\/evolution-reseau-drainage\/","title":{"rendered":"L&#8217;\u00e9volution saisonni\u00e8re du r\u00e9seau de drainage glaciaire"},"content":{"rendered":"\n<p>L&#8217;\u00e9coulement de l&#8217;eau liquide sur un glacier ressemble fortement \u00e0 l&#8217;\u00e9coulement de l&#8217;eau sur un relief calcaire, avec la formation d&#8217;un r\u00e9seau de conduits organis\u00e9. Au fil de la journ\u00e9e, la glace fond en surface et ruisselle sur la glace pour former un r\u00e9seau de filets d&#8217;eau de plus en plus gros, jusqu&#8217;\u00e0 devenir un v\u00e9ritable torrent \u00e0 la surface du glacier. L&#8217;eau entaille la glace par action m\u00e9canique et thermique pour former une b\u00e9di\u00e8re, c&#8217;est \u00e0 dire un cours d&#8217;eau chenalis\u00e9 sur la glace. La taille de ce cours d&#8217;eau va de quelques centim\u00e8tres de large \u00e0 plusieurs dizaines de m\u00e8tres sur les glaciers polaires. <\/p>\n\n\n\n<div class=\"wp-block-image\"><figure class=\"aligncenter size-medium\"><img loading=\"lazy\" decoding=\"async\" width=\"199\" height=\"300\" src=\"https:\/\/veilleursduclimat.ovh\/wp-content\/uploads\/2020\/12\/bediere-baounet-2018-199x300.jpg\" alt=\"Photo d'une petite b\u00e9di\u00e8re sur le glacier du Baounet en 2018\" class=\"wp-image-158\" srcset=\"https:\/\/veilleursduclimat.ovh\/wp-content\/uploads\/2020\/12\/bediere-baounet-2018-199x300.jpg 199w, https:\/\/veilleursduclimat.ovh\/wp-content\/uploads\/2020\/12\/bediere-baounet-2018-681x1024.jpg 681w, https:\/\/veilleursduclimat.ovh\/wp-content\/uploads\/2020\/12\/bediere-baounet-2018-768x1155.jpg 768w, https:\/\/veilleursduclimat.ovh\/wp-content\/uploads\/2020\/12\/bediere-baounet-2018-1021x1536.jpg 1021w, https:\/\/veilleursduclimat.ovh\/wp-content\/uploads\/2020\/12\/bediere-baounet-2018-133x200.jpg 133w, https:\/\/veilleursduclimat.ovh\/wp-content\/uploads\/2020\/12\/bediere-baounet-2018-rotated.jpg 1153w\" sizes=\"auto, (max-width: 199px) 100vw, 199px\" \/><figcaption>Petite b\u00e9di\u00e8re sur le glacier du Baounet en 2018<\/figcaption><\/figure><\/div>\n\n\n\n<p>Lorsqu&#8217;une b\u00e9di\u00e8re rencontre une crevasse, elle plonge alors dans le glacier pour rejoindre un r\u00e9seau de conduits intra et sousglaciaires. Rapidement, l&#8217;entr\u00e9e de la b\u00e9di\u00e8re se transforme et s&#8217;agrandit pour former un &#8220;moulin&#8221;. Ce terme glaciologique vient du son produit par l&#8217;eau pendant sa chute dans le glacier et qui rappelle celui d&#8217;un moulin \u00e0 eau. Au fur et \u00e0 mesure que le glacier avance, la crevasse se referme, mais le moulin peut subsister, du moins tant qu&#8217;une autre crevasse ne coupe l&#8217;alimentation de la b\u00e9di\u00e8re plus en amont.  <\/p>\n\n\n\n<figure class=\"wp-block-image size-large\"><img loading=\"lazy\" decoding=\"async\" width=\"640\" height=\"426\" src=\"https:\/\/veilleursduclimat.ovh\/wp-content\/uploads\/2021\/01\/baounet-moulin-2012.jpg\" alt=\"Photo d'un moulin sur le glacier du Baounet en 2012\" class=\"wp-image-206\" srcset=\"https:\/\/veilleursduclimat.ovh\/wp-content\/uploads\/2021\/01\/baounet-moulin-2012.jpg 640w, https:\/\/veilleursduclimat.ovh\/wp-content\/uploads\/2021\/01\/baounet-moulin-2012-300x200.jpg 300w, https:\/\/veilleursduclimat.ovh\/wp-content\/uploads\/2021\/01\/baounet-moulin-2012-200x133.jpg 200w\" sizes=\"auto, (max-width: 640px) 100vw, 640px\" \/><figcaption>Vue d&#8217;un moulin de quelques m\u00e8tres de diam\u00e8tre sur la glacier du Baounet en 2012<\/figcaption><\/figure>\n\n\n\n<p>L&#8217;eau entr\u00e9e dans le moulin s&#8217;\u00e9coule par un r\u00e9seau de conduits pour rejoindre la base du glacier. Comme dans les massifs calcaires karstifi\u00e9s, ces conduits peuvent \u00eatre remplis d&#8217;eau enti\u00e8rement, ou partiellement, voire compl\u00e9tement sec quand le r\u00e9seau \u00e9volue et coupe l&#8217;alimentation de certaines branches du r\u00e9seau. Ce r\u00e9seau se d\u00e9veloppe en trois dimensions depuis la surface. <\/p>\n\n\n\n<div class=\"wp-block-image\"><figure class=\"aligncenter size-medium\"><img loading=\"lazy\" decoding=\"async\" width=\"199\" height=\"300\" src=\"https:\/\/veilleursduclimat.ovh\/wp-content\/uploads\/2020\/12\/conduit-intraglaciaire-fossile-199x300.jpg\" alt=\"Conduit intraglaciaire &quot;fossile&quot;\" class=\"wp-image-163\" srcset=\"https:\/\/veilleursduclimat.ovh\/wp-content\/uploads\/2020\/12\/conduit-intraglaciaire-fossile-199x300.jpg 199w, https:\/\/veilleursduclimat.ovh\/wp-content\/uploads\/2020\/12\/conduit-intraglaciaire-fossile-681x1024.jpg 681w, https:\/\/veilleursduclimat.ovh\/wp-content\/uploads\/2020\/12\/conduit-intraglaciaire-fossile-768x1155.jpg 768w, https:\/\/veilleursduclimat.ovh\/wp-content\/uploads\/2020\/12\/conduit-intraglaciaire-fossile-1021x1536.jpg 1021w, https:\/\/veilleursduclimat.ovh\/wp-content\/uploads\/2020\/12\/conduit-intraglaciaire-fossile-133x200.jpg 133w, https:\/\/veilleursduclimat.ovh\/wp-content\/uploads\/2020\/12\/conduit-intraglaciaire-fossile-rotated.jpg 1153w\" sizes=\"auto, (max-width: 199px) 100vw, 199px\" \/><figcaption>Conduit intraglaciaire &#8220;fossile&#8221;<\/figcaption><\/figure><\/div>\n\n\n\n<p>Les mesures de monitoring permettent de suivre l&#8217;\u00e9volution de ce r\u00e9seau de drainage et son niveau de structuration. <\/p>\n\n\n\n<p><\/p>\n\n\n\n<p><\/p>\n","protected":false},"excerpt":{"rendered":"<p>L&#8217;\u00e9coulement de l&#8217;eau liquide sur un glacier ressemble fortement \u00e0 l&#8217;\u00e9coulement de l&#8217;eau sur un relief calcaire, avec la formation d&#8217;un r\u00e9seau de conduits organis\u00e9. Au fil de la journ\u00e9e, la glace fond en surface et ruisselle sur la glace pour former un r\u00e9seau de filets d&#8217;eau de plus en plus gros, jusqu&#8217;\u00e0 devenir un [&hellip;]<\/p>\n","protected":false},"author":2,"featured_media":0,"parent":204,"menu_order":1,"comment_status":"closed","ping_status":"closed","template":"","meta":{"footnotes":""},"class_list":["post-155","page","type-page","status-publish","hentry"],"_links":{"self":[{"href":"https:\/\/veilleursduclimat.ovh\/index.php\/wp-json\/wp\/v2\/pages\/155","targetHints":{"allow":["GET"]}}],"collection":[{"href":"https:\/\/veilleursduclimat.ovh\/index.php\/wp-json\/wp\/v2\/pages"}],"about":[{"href":"https:\/\/veilleursduclimat.ovh\/index.php\/wp-json\/wp\/v2\/types\/page"}],"author":[{"embeddable":true,"href":"https:\/\/veilleursduclimat.ovh\/index.php\/wp-json\/wp\/v2\/users\/2"}],"replies":[{"embeddable":true,"href":"https:\/\/veilleursduclimat.ovh\/index.php\/wp-json\/wp\/v2\/comments?post=155"}],"version-history":[{"count":9,"href":"https:\/\/veilleursduclimat.ovh\/index.php\/wp-json\/wp\/v2\/pages\/155\/revisions"}],"predecessor-version":[{"id":226,"href":"https:\/\/veilleursduclimat.ovh\/index.php\/wp-json\/wp\/v2\/pages\/155\/revisions\/226"}],"up":[{"embeddable":true,"href":"https:\/\/veilleursduclimat.ovh\/index.php\/wp-json\/wp\/v2\/pages\/204"}],"wp:attachment":[{"href":"https:\/\/veilleursduclimat.ovh\/index.php\/wp-json\/wp\/v2\/media?parent=155"}],"curies":[{"name":"wp","href":"https:\/\/api.w.org\/{rel}","templated":true}]}}