{"id":244,"date":"2021-01-03T18:15:44","date_gmt":"2021-01-03T17:15:44","guid":{"rendered":"https:\/\/veilleursduclimat.ovh\/?page_id=244"},"modified":"2021-03-07T19:45:46","modified_gmt":"2021-03-07T18:45:46","slug":"la-cartographie-geomorphologique","status":"publish","type":"page","link":"https:\/\/veilleursduclimat.ovh\/index.php\/les-outils\/la-cartographie-geomorphologique\/","title":{"rendered":"La cartographie g\u00e9omorphologique"},"content":{"rendered":"\n<p>En quelques mots, la cartographie g\u00e9omorphologique est une repr\u00e9sentation des d\u00e9p\u00f4ts et des formes cr\u00e9\u00e9es par des processus naturels, en g\u00e9n\u00e9ral li\u00e9s des m\u00e9canismes d&#8217;\u00e9rosion. Chaque domaine morphog\u00e9n\u00e9tique est repr\u00e9sent\u00e9 par une couleur, par exemple le vert pour le fluviatile. Des symboles en surcharge viennent souligner les formes, par exemple un trait pointill\u00e9 violet fonc\u00e9 pour une moraine. <\/p>\n\n\n\n<p>Il existe de nombreux types de cartes g\u00e9omorphologiques et il n&#8217;existe pas r\u00e9ellement de consensus sur les codes de couleurs et les symboles associ\u00e9s. La m\u00e9thode utilis\u00e9e par l&#8217;Universit\u00e9 de Lausanne (<a href=\"https:\/\/www.unil.ch\/igd\/fr\/home\/menuinst\/recherche\/groupes-de-recherche\/marges-environnement-paysages\/la-legende-geomorphologique-de-lunil.html\" target=\"_blank\" rel=\"noreferrer noopener\">UNIL<\/a>) est une solution simple et bien adapt\u00e9e au milieu de montagne. Les couleurs ont \u00e9t\u00e9 d\u00e9fini en format informatique (RGB ou CMJN) et correspondent \u00e0 des r\u00e9f\u00e9rences de crayons de couleurs disponibles dans le commerce (marque Caran d&#8217;Ache), ce qui est particuli\u00e8rement utile pour dessiner les minutes de terrain \u00e0 la main. <\/p>\n\n\n\n<p>La l\u00e9gende de l&#8217;UNIL est disponible sur <a href=\"https:\/\/www.unil.ch\/igd\/files\/live\/sites\/igd\/files\/shared\/recherche\/Geomorphological_legend\/Geomorphological_legend_UniL.pdf\" target=\"_blank\" rel=\"noreferrer noopener\">ce lien<\/a>. <\/p>\n\n\n\n<p>Les relev\u00e9s sont g\u00e9n\u00e9ralement r\u00e9alis\u00e9s en croisant des missions de terrain avec l&#8217;interpr\u00e9tation de photographies a\u00e9riennes verticales. L&#8217;arriv\u00e9e des drones et de la photogramm\u00e9trie \u00e0 tr\u00e8s haute r\u00e9solution ouvre de nouveaux champs de recherche pour des observations bien plus pr\u00e9cises et surtout la quantification des volumes mis en jeux par les ph\u00e9nom\u00e8nes d&#8217;\u00e9rosion-s\u00e9dimentation. <\/p>\n\n\n\n<hr class=\"wp-block-separator\"\/>\n\n\n\n<p>Quelques cartes g\u00e9omorphologiques de la rive gauche du Haut Arc sont disponibles ci-dessous. Attention, ces relev\u00e9s datent de 2003-2005 (15ans d\u00e9j\u00e0!) et les surfaces de glace ont bien recul\u00e9es depuis&#8230;<\/p>\n\n\n\n<figure class=\"wp-block-image size-large\"><img loading=\"lazy\" decoding=\"async\" width=\"1024\" height=\"691\" src=\"https:\/\/veilleursduclimat.ovh\/wp-content\/uploads\/2021\/01\/carte-geomorphologique-source-arc-1024x691.jpg\" alt=\"Carte g\u00e9omorphologique des Sources de l'Arc\" class=\"wp-image-246\" srcset=\"https:\/\/veilleursduclimat.ovh\/wp-content\/uploads\/2021\/01\/carte-geomorphologique-source-arc-1024x691.jpg 1024w, https:\/\/veilleursduclimat.ovh\/wp-content\/uploads\/2021\/01\/carte-geomorphologique-source-arc-300x203.jpg 300w, https:\/\/veilleursduclimat.ovh\/wp-content\/uploads\/2021\/01\/carte-geomorphologique-source-arc-768x518.jpg 768w, https:\/\/veilleursduclimat.ovh\/wp-content\/uploads\/2021\/01\/carte-geomorphologique-source-arc-200x135.jpg 200w, https:\/\/veilleursduclimat.ovh\/wp-content\/uploads\/2021\/01\/carte-geomorphologique-source-arc.jpg 1305w\" sizes=\"auto, (max-width: 1024px) 100vw, 1024px\" \/><figcaption>Carte g\u00e9omorphologique des Sources de l&#8217;Arc<\/figcaption><\/figure>\n\n\n\n<figure class=\"wp-block-image size-large\"><img loading=\"lazy\" decoding=\"async\" width=\"1024\" height=\"638\" src=\"https:\/\/veilleursduclimat.ovh\/wp-content\/uploads\/2021\/01\/carte-geomorphologique-grand-mean-mulinet-1024x638.jpg\" alt=\"Carte g\u00e9omorphologique des glaciers du Mulinet et de Grand M\u00e9an\" class=\"wp-image-247\" srcset=\"https:\/\/veilleursduclimat.ovh\/wp-content\/uploads\/2021\/01\/carte-geomorphologique-grand-mean-mulinet-1024x638.jpg 1024w, https:\/\/veilleursduclimat.ovh\/wp-content\/uploads\/2021\/01\/carte-geomorphologique-grand-mean-mulinet-300x187.jpg 300w, https:\/\/veilleursduclimat.ovh\/wp-content\/uploads\/2021\/01\/carte-geomorphologique-grand-mean-mulinet-768x478.jpg 768w, https:\/\/veilleursduclimat.ovh\/wp-content\/uploads\/2021\/01\/carte-geomorphologique-grand-mean-mulinet-200x125.jpg 200w, https:\/\/veilleursduclimat.ovh\/wp-content\/uploads\/2021\/01\/carte-geomorphologique-grand-mean-mulinet.jpg 1317w\" sizes=\"auto, (max-width: 1024px) 100vw, 1024px\" \/><figcaption>Carte g\u00e9omorphologique des glaciers du Mulinet et de Grand M\u00e9an<\/figcaption><\/figure>\n\n\n\n<figure class=\"wp-block-image size-large\"><img loading=\"lazy\" decoding=\"async\" width=\"1024\" height=\"798\" src=\"https:\/\/veilleursduclimat.ovh\/wp-content\/uploads\/2021\/01\/carte-geomorphologique-evettes-1024x798.jpg\" alt=\"Carte g\u00e9omorphologique des Evettes\" class=\"wp-image-248\" srcset=\"https:\/\/veilleursduclimat.ovh\/wp-content\/uploads\/2021\/01\/carte-geomorphologique-evettes-1024x798.jpg 1024w, https:\/\/veilleursduclimat.ovh\/wp-content\/uploads\/2021\/01\/carte-geomorphologique-evettes-300x234.jpg 300w, https:\/\/veilleursduclimat.ovh\/wp-content\/uploads\/2021\/01\/carte-geomorphologique-evettes-768x599.jpg 768w, https:\/\/veilleursduclimat.ovh\/wp-content\/uploads\/2021\/01\/carte-geomorphologique-evettes-200x156.jpg 200w, https:\/\/veilleursduclimat.ovh\/wp-content\/uploads\/2021\/01\/carte-geomorphologique-evettes.jpg 1275w\" sizes=\"auto, (max-width: 1024px) 100vw, 1024px\" \/><figcaption>Carte g\u00e9omorphologique des Evettes<\/figcaption><\/figure>\n\n\n\n<figure class=\"wp-block-image size-large\"><img loading=\"lazy\" decoding=\"async\" width=\"754\" height=\"1024\" src=\"https:\/\/veilleursduclimat.ovh\/wp-content\/uploads\/2021\/01\/carte-geomorphologique-albaron-754x1024.jpg\" alt=\"Carte g\u00e9omorphologique de l'Albaron\" class=\"wp-image-245\" srcset=\"https:\/\/veilleursduclimat.ovh\/wp-content\/uploads\/2021\/01\/carte-geomorphologique-albaron-754x1024.jpg 754w, https:\/\/veilleursduclimat.ovh\/wp-content\/uploads\/2021\/01\/carte-geomorphologique-albaron-221x300.jpg 221w, https:\/\/veilleursduclimat.ovh\/wp-content\/uploads\/2021\/01\/carte-geomorphologique-albaron-768x1043.jpg 768w, https:\/\/veilleursduclimat.ovh\/wp-content\/uploads\/2021\/01\/carte-geomorphologique-albaron-147x200.jpg 147w, https:\/\/veilleursduclimat.ovh\/wp-content\/uploads\/2021\/01\/carte-geomorphologique-albaron.jpg 954w\" sizes=\"auto, (max-width: 754px) 100vw, 754px\" \/><figcaption>Carte g\u00e9omorphologique de l&#8217;Albaron<\/figcaption><\/figure>\n\n\n\n<figure class=\"wp-block-image size-large\"><img loading=\"lazy\" decoding=\"async\" width=\"752\" height=\"1024\" src=\"https:\/\/veilleursduclimat.ovh\/wp-content\/uploads\/2021\/01\/carte-geomorphologique-averole-nord-752x1024.jpg\" alt=\"Carte g\u00e9omorphologique de la vall\u00e9e d'Av\u00e9role Nord\" class=\"wp-image-249\" srcset=\"https:\/\/veilleursduclimat.ovh\/wp-content\/uploads\/2021\/01\/carte-geomorphologique-averole-nord-752x1024.jpg 752w, https:\/\/veilleursduclimat.ovh\/wp-content\/uploads\/2021\/01\/carte-geomorphologique-averole-nord-220x300.jpg 220w, https:\/\/veilleursduclimat.ovh\/wp-content\/uploads\/2021\/01\/carte-geomorphologique-averole-nord-768x1046.jpg 768w, https:\/\/veilleursduclimat.ovh\/wp-content\/uploads\/2021\/01\/carte-geomorphologique-averole-nord-147x200.jpg 147w, https:\/\/veilleursduclimat.ovh\/wp-content\/uploads\/2021\/01\/carte-geomorphologique-averole-nord.jpg 1046w\" sizes=\"auto, (max-width: 752px) 100vw, 752px\" \/><figcaption>Carte g\u00e9omorphologique de la vall\u00e9e d&#8217;Av\u00e9role Nord<\/figcaption><\/figure>\n\n\n\n<figure class=\"wp-block-image size-large\"><img loading=\"lazy\" decoding=\"async\" width=\"761\" height=\"1024\" src=\"https:\/\/veilleursduclimat.ovh\/wp-content\/uploads\/2021\/01\/carte-geomorphologique-averole-sud-761x1024.jpg\" alt=\"Carte g\u00e9omorphologique de la vall\u00e9e d'Av\u00e9role Sud\" class=\"wp-image-250\" srcset=\"https:\/\/veilleursduclimat.ovh\/wp-content\/uploads\/2021\/01\/carte-geomorphologique-averole-sud-761x1024.jpg 761w, https:\/\/veilleursduclimat.ovh\/wp-content\/uploads\/2021\/01\/carte-geomorphologique-averole-sud-223x300.jpg 223w, https:\/\/veilleursduclimat.ovh\/wp-content\/uploads\/2021\/01\/carte-geomorphologique-averole-sud-768x1034.jpg 768w, https:\/\/veilleursduclimat.ovh\/wp-content\/uploads\/2021\/01\/carte-geomorphologique-averole-sud-149x200.jpg 149w, https:\/\/veilleursduclimat.ovh\/wp-content\/uploads\/2021\/01\/carte-geomorphologique-averole-sud.jpg 1055w\" sizes=\"auto, (max-width: 761px) 100vw, 761px\" \/><figcaption>Carte g\u00e9omorphologique de la vall\u00e9e d&#8217;Av\u00e9role Sud<\/figcaption><\/figure>\n\n\n\n<p><\/p>\n","protected":false},"excerpt":{"rendered":"<p>En quelques mots, la cartographie g\u00e9omorphologique est une repr\u00e9sentation des d\u00e9p\u00f4ts et des formes cr\u00e9\u00e9es par des processus naturels, en g\u00e9n\u00e9ral li\u00e9s des m\u00e9canismes d&#8217;\u00e9rosion. Chaque domaine morphog\u00e9n\u00e9tique est repr\u00e9sent\u00e9 par une couleur, par exemple le vert pour le fluviatile. Des symboles en surcharge viennent souligner les formes, par exemple un trait pointill\u00e9 violet fonc\u00e9 [&hellip;]<\/p>\n","protected":false},"author":2,"featured_media":0,"parent":172,"menu_order":1,"comment_status":"closed","ping_status":"closed","template":"","meta":{"footnotes":""},"class_list":["post-244","page","type-page","status-publish","hentry"],"_links":{"self":[{"href":"https:\/\/veilleursduclimat.ovh\/index.php\/wp-json\/wp\/v2\/pages\/244","targetHints":{"allow":["GET"]}}],"collection":[{"href":"https:\/\/veilleursduclimat.ovh\/index.php\/wp-json\/wp\/v2\/pages"}],"about":[{"href":"https:\/\/veilleursduclimat.ovh\/index.php\/wp-json\/wp\/v2\/types\/page"}],"author":[{"embeddable":true,"href":"https:\/\/veilleursduclimat.ovh\/index.php\/wp-json\/wp\/v2\/users\/2"}],"replies":[{"embeddable":true,"href":"https:\/\/veilleursduclimat.ovh\/index.php\/wp-json\/wp\/v2\/comments?post=244"}],"version-history":[{"count":6,"href":"https:\/\/veilleursduclimat.ovh\/index.php\/wp-json\/wp\/v2\/pages\/244\/revisions"}],"predecessor-version":[{"id":267,"href":"https:\/\/veilleursduclimat.ovh\/index.php\/wp-json\/wp\/v2\/pages\/244\/revisions\/267"}],"up":[{"embeddable":true,"href":"https:\/\/veilleursduclimat.ovh\/index.php\/wp-json\/wp\/v2\/pages\/172"}],"wp:attachment":[{"href":"https:\/\/veilleursduclimat.ovh\/index.php\/wp-json\/wp\/v2\/media?parent=244"}],"curies":[{"name":"wp","href":"https:\/\/api.w.org\/{rel}","templated":true}]}}