{"id":307,"date":"2022-01-08T20:56:35","date_gmt":"2022-01-08T19:56:35","guid":{"rendered":"https:\/\/veilleursduclimat.ovh\/?page_id=307"},"modified":"2023-09-21T21:57:01","modified_gmt":"2023-09-21T19:57:01","slug":"la-station-meteo-de-st-andre-savoie","status":"publish","type":"page","link":"https:\/\/veilleursduclimat.ovh\/index.php\/les-stations-meteo-connectees\/la-station-meteo-de-st-andre-savoie\/","title":{"rendered":"La station m\u00e9t\u00e9o de St Andr\u00e9 (Savoie)"},"content":{"rendered":"\n<div class=\"wp-block-buttons is-layout-flex wp-block-buttons-is-layout-flex\">\n<div class=\"wp-block-button\"><a class=\"wp-block-button__link has-black-color has-luminous-dusk-gradient-background has-text-color has-background\" href=\"https:\/\/veilleursduclimat.ovh\/meteo\/saint-andre\/index.html\" target=\"_blank\" rel=\"noreferrer noopener\"><strong>Acc\u00e8s aux donn\u00e9es<\/strong><\/a><\/div>\n<\/div>\n\n\n\n<h2 class=\"wp-block-heading\">Actualit\u00e9<\/h2>\n\n\n\n<p>Sept 2023 &#8211; Panne de la transmission des donn\u00e9es : le serveur Raspberry Pi qui collecte les donn\u00e9es et transmet les donn\u00e9es est en panne. Il est en cours de remplacement. <\/p>\n\n\n\n<h2 class=\"wp-block-heading\">Localisation<\/h2>\n\n\n\n<p>La station se situe \u00e0 Saint Andr\u00e9 (73500) en Savoie, r\u00e9gion Auvergne-Rh\u00f4ne-Alpes.<br>Longitude: 6\u00b0 37.20&#8242; E<br>Latitude: 45\u00b0 12.00&#8242; N<br>Altitude: 1100 m\u00e8tres<\/p>\n\n\n\n<h2 class=\"wp-block-heading\">Mat\u00e9riel<\/h2>\n\n\n\n<p>La station est implant\u00e9e sur le versant adret (exposition sud) de la vall\u00e9e de la Maurienne.<\/p>\n\n\n\n<p>C\u2019est une station m\u00e9t\u00e9o <a href=\"https:\/\/www.station-meteo.com\/freetec-px1117\/\">Freetec Px1117<\/a>, datant de D\u00e9cembre 2009. Elle est pleinement op\u00e9rationnelle depuis le 01\/01\/2010 et enregistre les donn\u00e9es toutes les 10min.<\/p>\n\n\n\n<p>Elle est coupl\u00e9e \u00e0 une carte Raspberry Pi depuis le 01\/01\/2022 pour le transfert des donn\u00e9es sur le web. <\/p>\n\n\n\n<p><br>Cette station <strong>a 2 avantages majeurs<\/strong> : une m\u00e9moire interne de <strong>4000 jeux de donn\u00e9es<\/strong> et un port USB, ce qui facilite grandement les communications avec un PC. Le kit est constitu\u00e9 de capteurs ext\u00e9rieurs communiquant par radio avec une base. L\u2019\u00e9cran tactile de la base est certes pratique, mais n\u2019apporte pas de plus value majeur au mat\u00e9riel et introduit une source de fragilit\u00e9 suppl\u00e9mentaire.<br>Cette station est \u00e0 un bon rapport qualit\u00e9\/prix sur cette gamme de station, moyennant quelques modifications dans son installation (augmentation de la section du pluviom\u00e8tre et abri ext\u00e9rieur).<\/p>\n\n\n\n<figure class=\"wp-block-image size-full\"><img loading=\"lazy\" decoding=\"async\" width=\"200\" height=\"250\" src=\"https:\/\/veilleursduclimat.ovh\/wp-content\/uploads\/2022\/01\/PX1117-console.jpg\" alt=\"\" class=\"wp-image-310\" srcset=\"https:\/\/veilleursduclimat.ovh\/wp-content\/uploads\/2022\/01\/PX1117-console.jpg 200w, https:\/\/veilleursduclimat.ovh\/wp-content\/uploads\/2022\/01\/PX1117-console-160x200.jpg 160w\" sizes=\"auto, (max-width: 200px) 100vw, 200px\" \/><figcaption>Base de la station Freetec Px1117<\/figcaption><\/figure>\n\n\n\n<h3 class=\"wp-block-heading\">La base<\/h3>\n\n\n\n<p>Elle mesure la pression atmosph\u00e9rique, temp\u00e9rature et humidit\u00e9 int\u00e9rieure. Elle doit imp\u00e9rativement \u00eatre conserv\u00e9e dans un b\u00e2timent pour limiter les effets de d\u00e9rives thermiques sur la mesure de pression (mal compens\u00e9e). Une temp\u00e9rature de 20\u00b0C +\/- 5\u00b0C permet de garantir \u00e0 peu pr\u00e8s les mesures barom\u00e9triques. Ce probl\u00e8me est probablement similaire sur les stations La Crosse (v\u00e9rifi\u00e9 il y a quelques ann\u00e9es sur une WS2300). A noter que la base peut \u00eatre aliment\u00e9e via le port USB, prolongeant la dur\u00e9e de vie des piles.<\/p>\n\n\n\n<h3 class=\"wp-block-heading\">Les capteurs externes<\/h3>\n\n\n\n<p>L\u2019an\u00e9mom\u00e8tre est de type \u00ab Robinson \u00bb (demi-coquilles), mais la taille des coquilles est bien inf\u00e9rieure aux standards en vigueur (6cm de diam\u00e8tre). La girouette est s\u00e9par\u00e9e de l\u2019an\u00e9mom\u00e8tre, tous deux mont\u00e9s sur un petit bras horizontal. Les valeurs de l\u2019an\u00e9mom\u00e8tre sont sous-\u00e9valu\u00e9es (test en double avec une station \u00ab pro \u00bb et un an\u00e9mom\u00e8tre Young)<\/p>\n\n\n\n<h3 class=\"wp-block-heading\">Le pluviom\u00e8tre<\/h3>\n\n\n\n<p>Le pluviom\u00e8tre est tr\u00e8s basique, avec une section de captage tr\u00e8s petite. Le syst\u00e8me de mesure est classique avec des augets basculants devant un capteur ILS (fermeture de contact). La base compte ensuite les impulsions sur chaque intervalle de mesure. Le pluviom\u00e8tre d\u2019origine a \u00e9t\u00e9 remplac\u00e9 par un pluviom\u00e8tre La Crosse (mod\u00e8le WS2300-16 pour les stations de la classe WS2300, achet\u00e9 comme pi\u00e8ce d\u00e9tach\u00e9 sur le site nouveauxobjets.com), sur lequel a \u00e9t\u00e9 mont\u00e9 un entonnoir de 16cm de diam\u00e8tre (section de 200cm\u00b2) pour le rendre conforme \u00e0 la norme OMM (Organisation M\u00e9t\u00e9orologique Mondiale). Il est toutefois possible de garder le pluviom\u00e8tre d\u2019origine de la PX1117 et de lui adjoindre un entonnoir pour accro\u00eetre sa surface de captage. Cette op\u00e9ration est \u00e0 conseiller sur les pluviom\u00e8tres La Crosse pour atteindre le seuil de 200cm\u00b2. Il suffit ensuite d\u2019\u00e9talonner le capteur (par introduction d\u2019une quantit\u00e9 connue d\u2019eau en goutte \u00e0 goutte).<\/p>\n\n\n\n<h2 class=\"wp-block-heading\">Installation<\/h2>\n\n\n\n<p>Installation des capteurs ext\u00e9rieurs : m\u00e2t en aluminium de 3m de haut. La surface du sol est h\u00e9t\u00e9rog\u00e8ne (pelouse, rochers, murs, \u2026). Le pluviom\u00e8tre et thermom\u00e8tre ext\u00e9rieur sont install\u00e9s \u00e0 1,7m\u00e8tre de haut. Les capteurs de temp\u00e9rature et d&#8217;humidit\u00e9 sont abrit\u00e9s dans un abri \u00e0 persiennes. <\/p>\n\n\n\n<figure class=\"wp-block-image size-full\"><img loading=\"lazy\" decoding=\"async\" width=\"700\" height=\"465\" src=\"https:\/\/veilleursduclimat.ovh\/wp-content\/uploads\/2022\/01\/fr73500-station-vue-ete.jpg\" alt=\"\" class=\"wp-image-311\" srcset=\"https:\/\/veilleursduclimat.ovh\/wp-content\/uploads\/2022\/01\/fr73500-station-vue-ete.jpg 700w, https:\/\/veilleursduclimat.ovh\/wp-content\/uploads\/2022\/01\/fr73500-station-vue-ete-300x199.jpg 300w, https:\/\/veilleursduclimat.ovh\/wp-content\/uploads\/2022\/01\/fr73500-station-vue-ete-200x133.jpg 200w\" sizes=\"auto, (max-width: 700px) 100vw, 700px\" \/><figcaption>Station de St Andr\u00e9 (Savoie)<\/figcaption><\/figure>\n\n\n\n<p>Cette installation n\u2019est pas conforme aux normes m\u00e9t\u00e9o: pr\u00e9sence d\u2019arbres \u00e0 proximit\u00e9, \u00e9tat de surface du sol, pente, \u2026). Cependant, cette implantation reste la seule possible dans la place disponible (terrain en pente et rocailleux). Il faut donc rester critique sur les donn\u00e9es.<\/p>\n\n\n\n<p>Contexte climatique local : zone interne des Alpes, ass\u00e8chement des masses d\u2019air par les massifs successifs (Massif Central, cha\u00eenons pr\u00e9alpins, massifs externes comme les Belledonnes). Les pr\u00e9cipitations sont donc anormalement faibles, proche de 500mm\/an. Les perturbations provenant du pi\u00e9mont italien d\u00e9bordent ponctuellement sur la vall\u00e9e, mais ne suffisent pas \u00e0 compenser les d\u00e9ficits hydriques.<\/p>\n\n\n\n<p>Sur la station de St Andr\u00e9, le pluviom\u00e8tre n\u2019est pas muni de dispositif de chauffage. Les valeurs de pr\u00e9cipitations hivernales sont donc souvent inexploitables (novembre \u00e0 mars-avril), les pr\u00e9cipitations \u00e9tant principalement sous forme de neige.<\/p>\n\n\n\n<p>Le pluviom\u00e8tre et l\u2019an\u00e9mom\u00e8tre sont reli\u00e9s au transmetteur comportant \u00e9galement les capteurs de temp\u00e9rature de l\u2019air et d\u2019hygrom\u00e9trie ext\u00e9rieur. Le bo\u00eetier renfermant le capteur de temp\u00e9rature est prot\u00e9g\u00e9 par un petit abri \u00e0 coupelles en plastique. L\u2019effet de protection contre le rayonnement solaire est tr\u00e8s m\u00e9diocre et n\u00e9cessite de placer ce bo\u00eetier dans un abri sp\u00e9cifique. Il s\u2019agit d\u2019un mini abri en bois \u00e0 persienne sur 2 faces, fabriqu\u00e9 en contre plaqu\u00e9 de 5mm. Pour limiter les effets d\u2019\u00e9chauffement diurnes, un ventilateur a \u00e9t\u00e9 plac\u00e9 \u00e0 sa base et reli\u00e9 \u00e0 un petit panneau solaire (0,5Wc). Une double calibration a \u00e9t\u00e9 r\u00e9alis\u00e9e avec un abri type M\u00e9t\u00e9o-France et un abri \u00e0 ventilation permanente, tous deux munis de thermocouples K. Les \u00e9carts restent inf\u00e9rieurs \u00e0 0,5\u00b0C avec le mini abri \u00e0 ventilation variable. Cette exp\u00e9rience a \u00e9galement montr\u00e9 que l\u2019abri d\u2019origine, sans protection autre que les coupelles en plastique, accuse des \u00e9carts atteignant 7 \u00e0 8 \u00b0C par rapport \u00e0 l\u2019abri de type M\u00e9t\u00e9o-France\u2026 Le thermom\u00e8tre devient alors une sorte de pyranom\u00e8tre !<\/p>\n","protected":false},"excerpt":{"rendered":"<p>Actualit\u00e9 Sept 2023 &#8211; Panne de la transmission des donn\u00e9es : le serveur Raspberry Pi qui collecte les donn\u00e9es et transmet les donn\u00e9es est en panne. Il est en cours de remplacement. Localisation La station se situe \u00e0 Saint Andr\u00e9 (73500) en Savoie, r\u00e9gion Auvergne-Rh\u00f4ne-Alpes.Longitude: 6\u00b0 37.20&#8242; ELatitude: 45\u00b0 12.00&#8242; NAltitude: 1100 m\u00e8tres Mat\u00e9riel La [&hellip;]<\/p>\n","protected":false},"author":2,"featured_media":0,"parent":200,"menu_order":1,"comment_status":"closed","ping_status":"closed","template":"","meta":{"footnotes":""},"class_list":["post-307","page","type-page","status-publish","hentry"],"_links":{"self":[{"href":"https:\/\/veilleursduclimat.ovh\/index.php\/wp-json\/wp\/v2\/pages\/307","targetHints":{"allow":["GET"]}}],"collection":[{"href":"https:\/\/veilleursduclimat.ovh\/index.php\/wp-json\/wp\/v2\/pages"}],"about":[{"href":"https:\/\/veilleursduclimat.ovh\/index.php\/wp-json\/wp\/v2\/types\/page"}],"author":[{"embeddable":true,"href":"https:\/\/veilleursduclimat.ovh\/index.php\/wp-json\/wp\/v2\/users\/2"}],"replies":[{"embeddable":true,"href":"https:\/\/veilleursduclimat.ovh\/index.php\/wp-json\/wp\/v2\/comments?post=307"}],"version-history":[{"count":11,"href":"https:\/\/veilleursduclimat.ovh\/index.php\/wp-json\/wp\/v2\/pages\/307\/revisions"}],"predecessor-version":[{"id":369,"href":"https:\/\/veilleursduclimat.ovh\/index.php\/wp-json\/wp\/v2\/pages\/307\/revisions\/369"}],"up":[{"embeddable":true,"href":"https:\/\/veilleursduclimat.ovh\/index.php\/wp-json\/wp\/v2\/pages\/200"}],"wp:attachment":[{"href":"https:\/\/veilleursduclimat.ovh\/index.php\/wp-json\/wp\/v2\/media?parent=307"}],"curies":[{"name":"wp","href":"https:\/\/api.w.org\/{rel}","templated":true}]}}