{"id":88,"date":"2019-12-03T23:12:22","date_gmt":"2019-12-03T22:12:22","guid":{"rendered":"https:\/\/veilleursduclimat.000webhostapp.com\/?page_id=88"},"modified":"2024-09-15T20:17:48","modified_gmt":"2024-09-15T18:17:48","slug":"station-baounet","status":"publish","type":"page","link":"https:\/\/veilleursduclimat.ovh\/index.php\/les-outils\/station-baounet\/","title":{"rendered":"La station hydro-m\u00e9t\u00e9orologique du Baounet"},"content":{"rendered":"\n<h2 class=\"wp-block-heading\">D\u00e9finition du monitoring<\/h2>\n\n\n\n<p>Le monitoring du glacier, c&#8217;est \u00e0 dire le suivi &#8220;en continu&#8221; par une station de mesure automatique, consiste \u00e0 mesurer les param\u00e8tres environnant le glacier et les caract\u00e9ristiques du torrent qui prend sa source au front du glacier (torrent \u00e9missaire). Le glacier agit comme un int\u00e9grateur des conditions m\u00e9t\u00e9orologiques et les traduit en signal de sortie sous la forme des d\u00e9bits de son torrent. Les mesures sont r\u00e9alis\u00e9es en quasi continu avec un intervalle de quelques minutes, puis moyenn\u00e9es \u00e0 1 heure pour lisser les r\u00e9sultats et all\u00e9ger les traitements par le mod\u00e8le hydrologique. L&#8217;objectif principal est de quantifier la fusion de la glace \u00e0 une \u00e9chelle journali\u00e8re et de suivre les param\u00e8tres atmosph\u00e9riques moteurs de cette fusion. <\/p>\n\n\n\n<h2 class=\"wp-block-heading\">Les param\u00e8tres mesur\u00e9s<\/h2>\n\n\n\n<p>Le monitoring du glacier du Baounet est structur\u00e9 avec deux grandes familles de param\u00e8tres :  <\/p>\n\n\n\n<ul class=\"wp-block-list\"><li>les mesures m\u00e9t\u00e9o : la temp\u00e9rature et l&#8217;humidit\u00e9 de l&#8217;air, l&#8217;ensoleillement (irradiance), la pression atmosph\u00e9rique, les pr\u00e9cipitations liquides. <\/li><li>les mesures hydrologiques : la hauteur d&#8217;eau (convertie ensuite en d\u00e9bit avec une loi de tarage), la temp\u00e9rature de l&#8217;eau et la conductivit\u00e9 \u00e9lectrique.<\/li><\/ul>\n\n\n\n<p>Ces deux groupes de mesures alimentent ensuite un mod\u00e8le permettant de quantifier la quantit\u00e9 de glace fondue chaque jour. <\/p>\n\n\n\n<p><\/p>\n\n\n\n<figure class=\"wp-block-image size-large\"><img loading=\"lazy\" decoding=\"async\" width=\"1024\" height=\"681\" src=\"https:\/\/veilleursduclimat.ovh\/wp-content\/uploads\/2020\/12\/Dsc_4282_sd-1024x681.jpg\" alt=\"\" class=\"wp-image-98\" srcset=\"https:\/\/veilleursduclimat.ovh\/wp-content\/uploads\/2020\/12\/Dsc_4282_sd-1024x681.jpg 1024w, https:\/\/veilleursduclimat.ovh\/wp-content\/uploads\/2020\/12\/Dsc_4282_sd-300x199.jpg 300w, https:\/\/veilleursduclimat.ovh\/wp-content\/uploads\/2020\/12\/Dsc_4282_sd-768x511.jpg 768w, https:\/\/veilleursduclimat.ovh\/wp-content\/uploads\/2020\/12\/Dsc_4282_sd-1200x798.jpg 1200w, https:\/\/veilleursduclimat.ovh\/wp-content\/uploads\/2020\/12\/Dsc_4282_sd.jpg 1504w\" sizes=\"auto, (max-width: 1024px) 100vw, 1024px\" \/><figcaption>Vue g\u00e9n\u00e9rale de la station de monitoring en 2018<\/figcaption><\/figure>\n\n\n\n<h2 class=\"wp-block-heading\">La structure porteuse<\/h2>\n\n\n\n<p>La structure porteuse r\u00e9pond \u00e0 une double probl\u00e9matique : maintenir les capteurs m\u00e9t\u00e9o au dessus du manteau neigeux et conserver les coffrets contenant les cartes \u00e9lectroniques et la batteries au dessus du niveau d&#8217;eau du torrent en cas de crue ou au printemps lors du d\u00e9gel du torrent (toute la marge proglaciaire est ennoy\u00e9 dans un m\u00e9lange de neige et d&#8217;eau d&#8217;environ 1m de hauteur pendant quelques semaines au printemps).  Pendant les dix derni\u00e8res ann\u00e9es, la station a \u00e9t\u00e9 install\u00e9e sur une tour en aluminium de 4.5m de hauteur pour permettre r\u00e9pondre \u00e0 ce cahier des charges. Cette structure a \u00e9t\u00e9 en partie d\u00e9truite par deux avalanches \u00e0 quelques ann\u00e9es d&#8217;intervalle. La solution actuellement en fonctionnement repose sur une version minimaliste avec un m\u00e2t, d\u00e9mont\u00e9 en hiver pour \u00e9viter toute nouvelles destruction.  <\/p>\n\n\n\n<h2 class=\"wp-block-heading\">Le syst\u00e8me d&#8217;acquisition<\/h2>\n\n\n\n<p> La station a \u00e9t\u00e9 install\u00e9e en 2002 dans le cadre d&#8217;une th\u00e8se \u00e0 l&#8217;Universit\u00e9 de Savoie et a \u00e9t\u00e9 exploit\u00e9e depuis quasiment tous les ans depuis. Le syst\u00e8me \u00e9tait bas\u00e9 sur un datalogger de marque Campbell Scientific sur lequel \u00e9tait connect\u00e9 les diff\u00e9rents capteurs.  Quelques d\u00e9faillances de capteurs (niveau d&#8217;eau notamment) ont provoqu\u00e9 des lacunes partielles dans les donn\u00e9es. L&#8217;age v\u00e9n\u00e9rable de la station, additionn\u00e9 \u00e0 la destruction quasi totale de la station par les avalanches a conduit \u00e0 une interruption des mesures pendant plusieurs ann\u00e9es \u00e0 partir de 2015. Une nouvelle station a \u00e9t\u00e9 assembl\u00e9e avec un financement sur fond propre. L&#8217;acquisition des mesures a \u00e9t\u00e9 refondue et se base maintenant sur une carte arduino. Un mini spectrom\u00e8tre \u00e0 LED \u00e0 8 canaux est aussi \u00eatre test\u00e9 avec cette nouvelle station pour \u00e9tudier les impacts de la n\u00e9bulosit\u00e9 et des a\u00e9rosols atmosph\u00e9riques sur l&#8217;ablation glaciaire estivale. <\/p>\n\n\n\n<div class=\"wp-block-image\"><figure class=\"aligncenter size-large\"><img loading=\"lazy\" decoding=\"async\" width=\"1024\" height=\"662\" src=\"https:\/\/veilleursduclimat.ovh\/wp-content\/uploads\/2024\/09\/capteurs-station-hydro-meteo-baounet-2024-1024x662.jpg\" alt=\"pr\u00e9sentation des capteurs de la station de monitoring du Baounet en 2024\" class=\"wp-image-392\" srcset=\"https:\/\/veilleursduclimat.ovh\/wp-content\/uploads\/2024\/09\/capteurs-station-hydro-meteo-baounet-2024-1024x662.jpg 1024w, https:\/\/veilleursduclimat.ovh\/wp-content\/uploads\/2024\/09\/capteurs-station-hydro-meteo-baounet-2024-300x194.jpg 300w, https:\/\/veilleursduclimat.ovh\/wp-content\/uploads\/2024\/09\/capteurs-station-hydro-meteo-baounet-2024-768x496.jpg 768w, https:\/\/veilleursduclimat.ovh\/wp-content\/uploads\/2024\/09\/capteurs-station-hydro-meteo-baounet-2024-200x129.jpg 200w, https:\/\/veilleursduclimat.ovh\/wp-content\/uploads\/2024\/09\/capteurs-station-hydro-meteo-baounet-2024.jpg 1291w\" sizes=\"auto, (max-width: 1024px) 100vw, 1024px\" \/><figcaption><em>La nouvelle architecture de la station hydro-m\u00e9t\u00e9orologique du glacier du Baounet en 2024<\/em><\/figcaption><\/figure><\/div>\n\n\n\n<p><\/p>\n\n\n\n<p><\/p>\n\n\n\n<div class=\"wp-block-image is-style-default\"><figure class=\"aligncenter size-large\"><img loading=\"lazy\" decoding=\"async\" width=\"1024\" height=\"667\" src=\"https:\/\/veilleursduclimat.ovh\/wp-content\/uploads\/2024\/09\/evolution-station-monitoring-baounet-2002-2024-1024x667.jpg\" alt=\"\" class=\"wp-image-384\" srcset=\"https:\/\/veilleursduclimat.ovh\/wp-content\/uploads\/2024\/09\/evolution-station-monitoring-baounet-2002-2024-1024x667.jpg 1024w, https:\/\/veilleursduclimat.ovh\/wp-content\/uploads\/2024\/09\/evolution-station-monitoring-baounet-2002-2024-300x195.jpg 300w, https:\/\/veilleursduclimat.ovh\/wp-content\/uploads\/2024\/09\/evolution-station-monitoring-baounet-2002-2024-768x500.jpg 768w, https:\/\/veilleursduclimat.ovh\/wp-content\/uploads\/2024\/09\/evolution-station-monitoring-baounet-2002-2024-1536x1001.jpg 1536w, https:\/\/veilleursduclimat.ovh\/wp-content\/uploads\/2024\/09\/evolution-station-monitoring-baounet-2002-2024-200x130.jpg 200w, https:\/\/veilleursduclimat.ovh\/wp-content\/uploads\/2024\/09\/evolution-station-monitoring-baounet-2002-2024.jpg 1701w\" sizes=\"auto, (max-width: 1024px) 100vw, 1024px\" \/><figcaption><em>\u00c9volution de la station depuis 2002. <\/em><\/figcaption><\/figure><\/div>\n\n\n\n<p> Les donn\u00e9es sont r\u00e9cup\u00e9r\u00e9es r\u00e9guli\u00e8rement en se rendant sur site, la  t\u00e9l\u00e9mesure \u00e9tant tr\u00e8s difficile \u00e0 mettre en place en raison de  l&#8217;isolement du site. En 2009, des tests de t\u00e9l\u00e9mesures par satellite ont  \u00e9t\u00e9 r\u00e9alis\u00e9s mais ce sont av\u00e9r\u00e9s peu concluants (d\u00e9pointage de la  parabole avec la neige et le vent).  Un projet de liaison Lora (faible consommation et longue port\u00e9e, mais faible d\u00e9bit) est en cours d&#8217;\u00e9tude pour rapatrier les donn\u00e9es de monitoring sur une serveur web accessible en permanence. <\/p>\n\n\n\n<figure class=\"wp-block-image size-large\"><img loading=\"lazy\" decoding=\"async\" width=\"826\" height=\"587\" src=\"https:\/\/veilleursduclimat.ovh\/wp-content\/uploads\/2020\/12\/donnees-baounet-2004.png\" alt=\"Exemple de donn\u00e9es brutes produites par la station\" class=\"wp-image-104\" srcset=\"https:\/\/veilleursduclimat.ovh\/wp-content\/uploads\/2020\/12\/donnees-baounet-2004.png 826w, https:\/\/veilleursduclimat.ovh\/wp-content\/uploads\/2020\/12\/donnees-baounet-2004-300x213.png 300w, https:\/\/veilleursduclimat.ovh\/wp-content\/uploads\/2020\/12\/donnees-baounet-2004-768x546.png 768w\" sizes=\"auto, (max-width: 826px) 100vw, 826px\" \/><figcaption>Exemple de donn\u00e9es brutes produites par la station<\/figcaption><\/figure>\n\n\n\n<h2 class=\"wp-block-heading\">\u00c9volutions futures<\/h2>\n\n\n\n<p>Pour r\u00e9pondre \u00e0 la probl\u00e9matique des avalanches r\u00e9currentes au niveau de la station de mesure hydrologique et \u00e0 la perspective de r\u00e9aliser une liaison de t\u00e9l\u00e9mesures des donn\u00e9es, une solution consistant \u00e0 s\u00e9parer la station en deux : <\/p>\n\n\n\n<ul class=\"wp-block-list\"><li>une station hydrologique \u00e0 l&#8217;emplacement actuel, connect\u00e9e par une liaison LoRA \u00e0 la station m\u00e9t\u00e9o. Cette station aurait la capacit\u00e9 d&#8217;hiverner sous la neige \u00e0 l&#8217;abri des avalanches<\/li><li>une station m\u00e9t\u00e9orologique qui serait d\u00e9plac\u00e9e sur un site mieux prot\u00e9g\u00e9 et plus en aval du glacier. Une liaison sans fils longue port\u00e9e pour la t\u00e9l\u00e9mesure serait d\u00e9ploy\u00e9e vers l&#8217;entr\u00e9e de la vall\u00e9e d&#8217;Av\u00e9role. <\/li><\/ul>\n\n\n\n<p>Ces \u00e9volutions restent conditionner au financement du mat\u00e9riel n\u00e9cessaire, mais permettraient de publier en direct les r\u00e9sultats des mesures et une visualisation du glacier par une webcam. <\/p>\n","protected":false},"excerpt":{"rendered":"<p>D\u00e9finition du monitoring Le monitoring du glacier, c&#8217;est \u00e0 dire le suivi &#8220;en continu&#8221; par une station de mesure automatique, consiste \u00e0 mesurer les param\u00e8tres environnant le glacier et les caract\u00e9ristiques du torrent qui prend sa source au front du glacier (torrent \u00e9missaire). Le glacier agit comme un int\u00e9grateur des conditions m\u00e9t\u00e9orologiques et les traduit [&hellip;]<\/p>\n","protected":false},"author":2,"featured_media":0,"parent":172,"menu_order":1,"comment_status":"closed","ping_status":"closed","template":"","meta":{"footnotes":""},"class_list":["post-88","page","type-page","status-publish","hentry"],"_links":{"self":[{"href":"https:\/\/veilleursduclimat.ovh\/index.php\/wp-json\/wp\/v2\/pages\/88","targetHints":{"allow":["GET"]}}],"collection":[{"href":"https:\/\/veilleursduclimat.ovh\/index.php\/wp-json\/wp\/v2\/pages"}],"about":[{"href":"https:\/\/veilleursduclimat.ovh\/index.php\/wp-json\/wp\/v2\/types\/page"}],"author":[{"embeddable":true,"href":"https:\/\/veilleursduclimat.ovh\/index.php\/wp-json\/wp\/v2\/users\/2"}],"replies":[{"embeddable":true,"href":"https:\/\/veilleursduclimat.ovh\/index.php\/wp-json\/wp\/v2\/comments?post=88"}],"version-history":[{"count":15,"href":"https:\/\/veilleursduclimat.ovh\/index.php\/wp-json\/wp\/v2\/pages\/88\/revisions"}],"predecessor-version":[{"id":394,"href":"https:\/\/veilleursduclimat.ovh\/index.php\/wp-json\/wp\/v2\/pages\/88\/revisions\/394"}],"up":[{"embeddable":true,"href":"https:\/\/veilleursduclimat.ovh\/index.php\/wp-json\/wp\/v2\/pages\/172"}],"wp:attachment":[{"href":"https:\/\/veilleursduclimat.ovh\/index.php\/wp-json\/wp\/v2\/media?parent=88"}],"curies":[{"name":"wp","href":"https:\/\/api.w.org\/{rel}","templated":true}]}}